{"id":517,"date":"2018-07-10T13:12:08","date_gmt":"2018-07-10T11:12:08","guid":{"rendered":"https:\/\/rialwheels.ch\/it\/motorsport"},"modified":"2019-03-07T14:32:28","modified_gmt":"2019-03-07T12:32:28","slug":"marchio","status":"publish","type":"page","link":"https:\/\/rialwheels.ch\/it\/marchio","title":{"rendered":"marchio"},"content":{"rendered":"<h3>Rial: Cerchi di alta qualit\u00e0 per professionisti <\/h3>\n<p> Con oltre trent&#8217;anni di esperienza, Rial \u00e8 in prima linea a livello internazionale nel settore dei cerchioni. Qualit\u00e0 e design elegante vanno di pari passo. Questo vale non solo per il proprio team di Formula 1, ma anche per la soddisfazione dei clienti.  <\/p>\n<p> La storia di successo di Rial si basa su un costante sviluppo tecnico che soddisfa le aspettative pi\u00f9 elevate. L&#8217;utilizzo di forni all&#8217;avanguardia e di macchine per colare high-tech, i pi\u00f9 recenti software, centri di lavorazione CNC di precisione e l&#8217;ispezione finale a raggi X di ogni singola ruota garantiscono l&#8217;elevato standard che Rial Wheels si prefigge e al quale l&#8217;azienda si sente vincolata nei confronti dei propri clienti. L&#8217;attenzione \u00e8 focalizzata su materie prime di alta qualit\u00e0, costruzione di utensili di precisione e controllo continuo della produzione, dalla fase di progettazione fino al completamento del prodotto. \u2028 <\/p>\n<div class=\"row\">\n<div class=\"col-sm-6\">\n<h3> I cerchioni Rial stabiliscono nuovi standard nella costruzione di sezioni!  <\/h3>\n<p> Le linee guida dell&#8217;industria automobilistica non sono le uniche a svolgere un ruolo importante nella produzione dei cerchioni. Rial Wheels si dedica costantemente alle innovazioni nel campo della ricerca e dello sviluppo per fissare nuovi standard nella costruzione di cerchioni. Un primo trattamento delle ruote senza l&#8217;uso di cromo, vernici idrosolubili e prive di solventi, vernici trasparenti a base acrilica e vernici in polvere applicate con processo orizzontale garantiscono la massima qualit\u00e0. Naturalmente i cerchioni Rial soddisfano tutti i requisiti dei servizi tecnici e dell&#8217;Ente federale tedesco per i veicoli a motore.  <\/p>\n<\/div>\n<div class=\"col-sm-6\">\n<h3> I cerchioni rappresentano la competenza!  <\/h3>\n<p> I cerchioni sono progettati con precisione: viene costantemente tenuta in considerazione la perfetta sensazione di guida e vengono rispettati i requisiti tecnici come i sistemi di pressione dei pneumatici. \u2028Come membro del Gruppo UNIWHEELS, Rial Wheels continua una tradizione che rimarr\u00e0 anche in futuro sinonimo d&#8217;innovazione tecnica, affidabilit\u00e0 e qualit\u00e0.  <\/p>\n<p>Il team competente \u00e8 sempre a disposizione per rispondere alle Sue domande e alle richieste individuali dei clienti. Si convinca di persona! <\/p>\n<\/div>\n<\/div>\n","protected":false},"excerpt":{"rendered":"<p>Rial: Cerchi di alta qualit\u00e0 per professionisti Con oltre trent&#8217;anni di esperienza, Rial \u00e8 in prima linea a livello internazionale nel settore dei cerchioni. Qualit\u00e0 e design elegante vanno di pari passo. Questo vale non solo per il proprio team di Formula 1, ma anche per la soddisfazione dei clienti. La storia di successo di [&hellip;]<\/p>\n","protected":false},"author":1,"featured_media":0,"parent":0,"menu_order":0,"comment_status":"closed","ping_status":"closed","template":"","meta":{"footnotes":""},"acf":[],"_links":{"self":[{"href":"https:\/\/rialwheels.ch\/it\/wp-json\/wp\/v2\/pages\/517"}],"collection":[{"href":"https:\/\/rialwheels.ch\/it\/wp-json\/wp\/v2\/pages"}],"about":[{"href":"https:\/\/rialwheels.ch\/it\/wp-json\/wp\/v2\/types\/page"}],"author":[{"embeddable":true,"href":"https:\/\/rialwheels.ch\/it\/wp-json\/wp\/v2\/users\/1"}],"replies":[{"embeddable":true,"href":"https:\/\/rialwheels.ch\/it\/wp-json\/wp\/v2\/comments?post=517"}],"version-history":[{"count":6,"href":"https:\/\/rialwheels.ch\/it\/wp-json\/wp\/v2\/pages\/517\/revisions"}],"predecessor-version":[{"id":909,"href":"https:\/\/rialwheels.ch\/it\/wp-json\/wp\/v2\/pages\/517\/revisions\/909"}],"wp:attachment":[{"href":"https:\/\/rialwheels.ch\/it\/wp-json\/wp\/v2\/media?parent=517"}],"curies":[{"name":"wp","href":"https:\/\/api.w.org\/{rel}","templated":true}]}}